{"id":1814,"date":"2025-01-08T16:57:23","date_gmt":"2025-01-08T15:57:23","guid":{"rendered":"https:\/\/paudelacalle.com\/histories\/"},"modified":"2025-06-20T12:32:24","modified_gmt":"2025-06-20T10:32:24","slug":"stories","status":"publish","type":"page","link":"https:\/\/paudelacalle.com\/en\/stories\/","title":{"rendered":"Stories"},"content":{"rendered":"\t\t<div data-elementor-type=\"wp-page\" data-elementor-id=\"1814\" class=\"elementor elementor-1814 elementor-86\" data-elementor-post-type=\"page\">\n\t\t\t\t<div class=\"elementor-element elementor-element-73391e9 e-con-full e-flex e-con e-parent\" data-id=\"73391e9\" data-element_type=\"container\" data-e-type=\"container\" data-settings=\"{&quot;background_background&quot;:&quot;classic&quot;}\">\n\t\t\t\t<div class=\"elementor-element elementor-element-ae3ec21 elementor-widget elementor-widget-heading\" data-id=\"ae3ec21\" data-element_type=\"widget\" data-e-type=\"widget\" data-widget_type=\"heading.default\">\n\t\t\t\t<div class=\"elementor-widget-container\">\n\t\t\t\t\t<h2 class=\"elementor-heading-title elementor-size-default\">STORIES<\/h2>\t\t\t\t<\/div>\n\t\t\t\t<\/div>\n\t\t\t\t<div class=\"elementor-element elementor-element-2589a62 elementor-widget elementor-widget-heading\" data-id=\"2589a62\" data-element_type=\"widget\" data-e-type=\"widget\" data-widget_type=\"heading.default\">\n\t\t\t\t<div class=\"elementor-widget-container\">\n\t\t\t\t\t<h2 class=\"elementor-heading-title elementor-size-default\">Editorial<\/h2>\t\t\t\t<\/div>\n\t\t\t\t<\/div>\n\t\t\t\t<\/div>\n\t\t<div class=\"elementor-element elementor-element-3a7660a e-con-full elementor-hidden-tablet elementor-hidden-mobile e-flex e-con e-parent\" data-id=\"3a7660a\" data-element_type=\"container\" data-e-type=\"container\">\n\t\t<a class=\"elementor-element elementor-element-d2f09ea e-con-full e-flex e-con e-child\" data-id=\"d2f09ea\" data-element_type=\"container\" data-e-type=\"container\" data-settings=\"{&quot;background_background&quot;:&quot;classic&quot;}\" href=\"https:\/\/paudelacalle.com\/en\/coexist\/\">\n\t\t\t\t<div class=\"elementor-element elementor-element-b4c9688 elementor-widget elementor-widget-spacer\" data-id=\"b4c9688\" data-element_type=\"widget\" data-e-type=\"widget\" data-widget_type=\"spacer.default\">\n\t\t\t\t<div class=\"elementor-widget-container\">\n\t\t\t\t\t\t\t<div class=\"elementor-spacer\">\n\t\t\t<div class=\"elementor-spacer-inner\"><\/div>\n\t\t<\/div>\n\t\t\t\t\t\t<\/div>\n\t\t\t\t<\/div>\n\t\t\t\t<\/a>\n\t\t<a class=\"elementor-element elementor-element-1c9c53e e-con-full e-flex e-con e-child\" data-id=\"1c9c53e\" data-element_type=\"container\" data-e-type=\"container\" data-settings=\"{&quot;background_background&quot;:&quot;classic&quot;}\" href=\"https:\/\/paudelacalle.com\/en\/the-imprisonment-of-pablo-hasel\/\">\n\t\t\t\t<div class=\"elementor-element elementor-element-ac98ce3 elementor-widget elementor-widget-spacer\" data-id=\"ac98ce3\" data-element_type=\"widget\" data-e-type=\"widget\" data-widget_type=\"spacer.default\">\n\t\t\t\t<div class=\"elementor-widget-container\">\n\t\t\t\t\t\t\t<div class=\"elementor-spacer\">\n\t\t\t<div class=\"elementor-spacer-inner\"><\/div>\n\t\t<\/div>\n\t\t\t\t\t\t<\/div>\n\t\t\t\t<\/div>\n\t\t\t\t<\/a>\n\t\t<a class=\"elementor-element elementor-element-25be688 e-con-full e-flex e-con e-child\" data-id=\"25be688\" data-element_type=\"container\" data-e-type=\"container\" data-settings=\"{&quot;background_background&quot;:&quot;classic&quot;}\" href=\"https:\/\/paudelacalle.com\/en\/the-seventh-mission-of-aita-mari\/\">\n\t\t\t\t<div class=\"elementor-element elementor-element-0fc2e41 elementor-widget elementor-widget-spacer\" data-id=\"0fc2e41\" data-element_type=\"widget\" data-e-type=\"widget\" data-widget_type=\"spacer.default\">\n\t\t\t\t<div class=\"elementor-widget-container\">\n\t\t\t\t\t\t\t<div class=\"elementor-spacer\">\n\t\t\t<div class=\"elementor-spacer-inner\"><\/div>\n\t\t<\/div>\n\t\t\t\t\t\t<\/div>\n\t\t\t\t<\/div>\n\t\t\t\t<\/a>\n\t\t\t\t<\/div>\n\t\t<div class=\"elementor-element elementor-element-389dac3 e-con-full elementor-hidden-tablet elementor-hidden-mobile e-flex e-con e-parent\" data-id=\"389dac3\" data-element_type=\"container\" data-e-type=\"container\" data-settings=\"{&quot;background_background&quot;:&quot;classic&quot;}\">\n\t\t<div class=\"elementor-element elementor-element-0252e3e e-con-full e-flex e-con e-child\" data-id=\"0252e3e\" data-element_type=\"container\" data-e-type=\"container\" data-settings=\"{&quot;background_background&quot;:&quot;classic&quot;}\">\n\t\t\t\t<div class=\"elementor-element elementor-element-7fa8867 elementor-widget elementor-widget-heading\" data-id=\"7fa8867\" data-element_type=\"widget\" data-e-type=\"widget\" data-widget_type=\"heading.default\">\n\t\t\t\t<div class=\"elementor-widget-container\">\n\t\t\t\t\t<h2 class=\"elementor-heading-title elementor-size-default\"><a href=\"https:\/\/paudelacalle.com\/en\/coexist\/\">COEXIST<\/a><\/h2>\t\t\t\t<\/div>\n\t\t\t\t<\/div>\n\t\t\t\t<\/div>\n\t\t<div class=\"elementor-element elementor-element-98b3496 e-con-full e-flex e-con e-child\" data-id=\"98b3496\" data-element_type=\"container\" data-e-type=\"container\" data-settings=\"{&quot;background_background&quot;:&quot;classic&quot;}\">\n\t\t\t\t<div class=\"elementor-element elementor-element-0a2b7b5 elementor-widget elementor-widget-heading\" data-id=\"0a2b7b5\" data-element_type=\"widget\" data-e-type=\"widget\" data-widget_type=\"heading.default\">\n\t\t\t\t<div class=\"elementor-widget-container\">\n\t\t\t\t\t<h2 class=\"elementor-heading-title elementor-size-default\"><a href=\"https:\/\/paudelacalle.com\/en\/the-imprisonment-of-pablo-hasel\/\">THE IMPRISONMENT OF PABLO HAS\u00c9L<\/a><\/h2>\t\t\t\t<\/div>\n\t\t\t\t<\/div>\n\t\t\t\t<\/div>\n\t\t<div class=\"elementor-element elementor-element-bbfe7d0 e-con-full e-flex e-con e-child\" data-id=\"bbfe7d0\" data-element_type=\"container\" data-e-type=\"container\" data-settings=\"{&quot;background_background&quot;:&quot;classic&quot;}\">\n\t\t\t\t<div class=\"elementor-element elementor-element-4c70743 elementor-widget elementor-widget-heading\" data-id=\"4c70743\" data-element_type=\"widget\" data-e-type=\"widget\" data-widget_type=\"heading.default\">\n\t\t\t\t<div class=\"elementor-widget-container\">\n\t\t\t\t\t<h2 class=\"elementor-heading-title elementor-size-default\"><a href=\"https:\/\/paudelacalle.com\/en\/the-seventh-mission-of-aita-mari\/\">THE SEVENTH MISSION OF THE AITA MARI<\/a><\/h2>\t\t\t\t<\/div>\n\t\t\t\t<\/div>\n\t\t\t\t<\/div>\n\t\t\t\t<\/div>\n\t\t<div class=\"elementor-element elementor-element-5497ecf e-con-full elementor-hidden-desktop elementor-hidden-tablet e-flex e-con e-parent\" data-id=\"5497ecf\" data-element_type=\"container\" data-e-type=\"container\" data-settings=\"{&quot;background_background&quot;:&quot;classic&quot;}\">\n\t\t<a class=\"elementor-element elementor-element-42b12aa e-con-full e-flex e-con e-child\" data-id=\"42b12aa\" data-element_type=\"container\" data-e-type=\"container\" data-settings=\"{&quot;background_background&quot;:&quot;classic&quot;}\" href=\"https:\/\/paudelacalle.com\/en\/love-to-not-forget\/\">\n\t\t\t\t<div class=\"elementor-element elementor-element-6b99bcf elementor-widget elementor-widget-image\" data-id=\"6b99bcf\" data-element_type=\"widget\" data-e-type=\"widget\" data-widget_type=\"image.default\">\n\t\t\t\t<div class=\"elementor-widget-container\">\n\t\t\t\t\t\t\t\t\t\t\t\t\t\t\t\t<a href=\"https:\/\/paudelacalle.com\/en\/coexist\/\">\n\t\t\t\t\t\t\t<img decoding=\"async\" src=\"https:\/\/paudelacalle.com\/wp-content\/uploads\/elementor\/thumbs\/COEXISTIR_02-scaled-1-r5cnuvwgjxx1dgjyepehah1if0t0xfw1o2lr1ivqdm.webp\" title=\"COEXISTIR_02-scaled.webp\" alt=\"COEXISTIR_02-scaled.webp\" loading=\"lazy\" \/>\t\t\t\t\t\t\t\t<\/a>\n\t\t\t\t\t\t\t\t\t\t\t\t\t\t\t<\/div>\n\t\t\t\t<\/div>\n\t\t\t\t<div class=\"elementor-element elementor-element-cc18fdc elementor-widget elementor-widget-heading\" data-id=\"cc18fdc\" data-element_type=\"widget\" data-e-type=\"widget\" data-widget_type=\"heading.default\">\n\t\t\t\t<div class=\"elementor-widget-container\">\n\t\t\t\t\t<h2 class=\"elementor-heading-title elementor-size-default\"><a href=\"https:\/\/paudelacalle.com\/en\/coexist\/\">COEXIST<\/a><\/h2>\t\t\t\t<\/div>\n\t\t\t\t<\/div>\n\t\t\t\t<\/a>\n\t\t<a class=\"elementor-element elementor-element-10b1f36 e-con-full e-flex e-con e-child\" data-id=\"10b1f36\" data-element_type=\"container\" data-e-type=\"container\" data-settings=\"{&quot;background_background&quot;:&quot;classic&quot;}\" href=\"https:\/\/paudelacalle.com\/en\/train-writers\/\">\n\t\t\t\t<div class=\"elementor-element elementor-element-5a27fd0 elementor-widget elementor-widget-image\" data-id=\"5a27fd0\" data-element_type=\"widget\" data-e-type=\"widget\" data-widget_type=\"image.default\">\n\t\t\t\t<div class=\"elementor-widget-container\">\n\t\t\t\t\t\t\t\t\t\t\t\t\t\t\t\t<a href=\"https:\/\/paudelacalle.com\/en\/the-imprisonment-of-pablo-hasel\/\">\n\t\t\t\t\t\t\t<img decoding=\"async\" src=\"https:\/\/paudelacalle.com\/wp-content\/uploads\/elementor\/thumbs\/PabloHasel003-scaled-1-r5cnuwuaqrybp2il97t3uysz0eoe54zs0798isuc7e.webp\" title=\"PabloHasel003-scaled.webp\" alt=\"PabloHasel003-scaled.webp\" loading=\"lazy\" \/>\t\t\t\t\t\t\t\t<\/a>\n\t\t\t\t\t\t\t\t\t\t\t\t\t\t\t<\/div>\n\t\t\t\t<\/div>\n\t\t\t\t<div class=\"elementor-element elementor-element-f39ce77 elementor-widget elementor-widget-heading\" data-id=\"f39ce77\" data-element_type=\"widget\" data-e-type=\"widget\" data-widget_type=\"heading.default\">\n\t\t\t\t<div class=\"elementor-widget-container\">\n\t\t\t\t\t<h2 class=\"elementor-heading-title elementor-size-default\"><a href=\"https:\/\/paudelacalle.com\/en\/the-imprisonment-of-pablo-hasel\/\">\nTHE IMPRISONMENT OF PABLO HAS\u00c9L<\/a><\/h2>\t\t\t\t<\/div>\n\t\t\t\t<\/div>\n\t\t\t\t<\/a>\n\t\t<a class=\"elementor-element elementor-element-821e645 e-con-full e-flex e-con e-child\" data-id=\"821e645\" data-element_type=\"container\" data-e-type=\"container\" data-settings=\"{&quot;background_background&quot;:&quot;classic&quot;}\" href=\"https:\/\/paudelacalle.com\/en\/beyond-the-storm\/\">\n\t\t\t\t<div class=\"elementor-element elementor-element-04f9e0e elementor-widget elementor-widget-image\" data-id=\"04f9e0e\" data-element_type=\"widget\" data-e-type=\"widget\" data-widget_type=\"image.default\">\n\t\t\t\t<div class=\"elementor-widget-container\">\n\t\t\t\t\t\t\t\t\t\t\t\t\t\t\t\t<a href=\"https:\/\/paudelacalle.com\/en\/the-seventh-mission-of-aita-mari\/\">\n\t\t\t\t\t\t\t<img decoding=\"async\" src=\"https:\/\/paudelacalle.com\/wp-content\/uploads\/elementor\/thumbs\/7aMissio_003-scaled-1-r5cnuxs4xlzm0oh83q7qfgkflsjrcu3icbwq02sy16.webp\" title=\"7aMissio_003-scaled.webp\" alt=\"7aMissio_003-scaled.webp\" loading=\"lazy\" \/>\t\t\t\t\t\t\t\t<\/a>\n\t\t\t\t\t\t\t\t\t\t\t\t\t\t\t<\/div>\n\t\t\t\t<\/div>\n\t\t\t\t<div class=\"elementor-element elementor-element-706f79e elementor-widget elementor-widget-heading\" data-id=\"706f79e\" data-element_type=\"widget\" data-e-type=\"widget\" data-widget_type=\"heading.default\">\n\t\t\t\t<div class=\"elementor-widget-container\">\n\t\t\t\t\t<h2 class=\"elementor-heading-title elementor-size-default\"><a href=\"https:\/\/paudelacalle.com\/en\/the-seventh-mission-of-aita-mari\/\">THE SEVENTH MISSION OF THE AITA MARI<\/a><\/h2>\t\t\t\t<\/div>\n\t\t\t\t<\/div>\n\t\t\t\t<\/a>\n\t\t\t\t<\/div>\n\t\t<div class=\"elementor-element elementor-element-ea559bb e-con-full elementor-hidden-desktop elementor-hidden-mobile e-flex e-con e-parent\" data-id=\"ea559bb\" data-element_type=\"container\" data-e-type=\"container\" data-settings=\"{&quot;background_background&quot;:&quot;classic&quot;}\">\n\t\t<div class=\"elementor-element elementor-element-7f6dbfc e-con-full e-flex e-con e-child\" data-id=\"7f6dbfc\" data-element_type=\"container\" data-e-type=\"container\">\n\t\t<a class=\"elementor-element elementor-element-d8d0ac9 e-con-full e-flex e-con e-child\" data-id=\"d8d0ac9\" data-element_type=\"container\" data-e-type=\"container\" data-settings=\"{&quot;background_background&quot;:&quot;classic&quot;}\" href=\"https:\/\/paudelacalle.com\/en\/coexist\/\">\n\t\t\t\t<\/a>\n\t\t\t\t<div class=\"elementor-element elementor-element-66c5918 elementor-widget elementor-widget-heading\" data-id=\"66c5918\" data-element_type=\"widget\" data-e-type=\"widget\" data-widget_type=\"heading.default\">\n\t\t\t\t<div class=\"elementor-widget-container\">\n\t\t\t\t\t<h2 class=\"elementor-heading-title elementor-size-default\"><a href=\"https:\/\/paudelacalle.com\/en\/coexist\/\">COEXIST<\/a><\/h2>\t\t\t\t<\/div>\n\t\t\t\t<\/div>\n\t\t\t\t<\/div>\n\t\t<div class=\"elementor-element elementor-element-4b8141e e-con-full e-flex e-con e-child\" data-id=\"4b8141e\" data-element_type=\"container\" data-e-type=\"container\">\n\t\t<a class=\"elementor-element elementor-element-1ce82a6 e-con-full e-flex e-con e-child\" data-id=\"1ce82a6\" data-element_type=\"container\" data-e-type=\"container\" data-settings=\"{&quot;background_background&quot;:&quot;classic&quot;}\" href=\"https:\/\/paudelacalle.com\/en\/the-imprisonment-of-pablo-hasel\/\">\n\t\t\t\t<\/a>\n\t\t\t\t<div class=\"elementor-element elementor-element-3c5d84d elementor-widget elementor-widget-heading\" data-id=\"3c5d84d\" data-element_type=\"widget\" data-e-type=\"widget\" data-widget_type=\"heading.default\">\n\t\t\t\t<div class=\"elementor-widget-container\">\n\t\t\t\t\t<h2 class=\"elementor-heading-title elementor-size-default\"><a href=\"https:\/\/paudelacalle.com\/en\/the-imprisonment-of-pablo-hasel\/\">THE IMPRISONMENT OF PABLO HAS\u00c9L\n<\/a><\/h2>\t\t\t\t<\/div>\n\t\t\t\t<\/div>\n\t\t\t\t<\/div>\n\t\t<div class=\"elementor-element elementor-element-29679e1 e-con-full e-flex e-con e-child\" data-id=\"29679e1\" data-element_type=\"container\" data-e-type=\"container\">\n\t\t<a class=\"elementor-element elementor-element-81a1932 e-con-full e-flex e-con e-child\" data-id=\"81a1932\" data-element_type=\"container\" data-e-type=\"container\" data-settings=\"{&quot;background_background&quot;:&quot;classic&quot;}\" href=\"https:\/\/paudelacalle.com\/en\/the-seventh-mission-of-aita-mari\/\">\n\t\t\t\t<\/a>\n\t\t\t\t<div class=\"elementor-element elementor-element-d83696e elementor-widget elementor-widget-heading\" data-id=\"d83696e\" data-element_type=\"widget\" data-e-type=\"widget\" data-widget_type=\"heading.default\">\n\t\t\t\t<div class=\"elementor-widget-container\">\n\t\t\t\t\t<h2 class=\"elementor-heading-title elementor-size-default\"><a href=\"https:\/\/paudelacalle.com\/en\/the-seventh-mission-of-aita-mari\/\">THE SEVENTH MISSION OF THE AITA MARI<\/a><\/h2>\t\t\t\t<\/div>\n\t\t\t\t<\/div>\n\t\t\t\t<\/div>\n\t\t\t\t<\/div>\n\t\t\t\t<\/div>\n\t\t","protected":false},"excerpt":{"rendered":"<p>STORIES Editorial COEXIST THE IMPRISONMENT OF PABLO HAS\u00c9L THE SEVENTH MISSION OF THE AITA MARI COEXIST THE IMPRISONMENT OF PABLO HAS\u00c9L THE SEVENTH MISSION OF THE AITA MARI COEXIST THE IMPRISONMENT OF PABLO HAS\u00c9L THE SEVENTH MISSION OF THE AITA MARI<\/p>\n","protected":false},"author":3,"featured_media":0,"parent":0,"menu_order":0,"comment_status":"closed","ping_status":"closed","template":"elementor_header_footer","meta":{"footnotes":""},"class_list":["post-1814","page","type-page","status-publish","hentry"],"yoast_head":"<!-- This site is optimized with the Yoast SEO plugin v27.0 - https:\/\/yoast.com\/product\/yoast-seo-wordpress\/ -->\n<title>Stories - Pau de la calle<\/title>\n<meta name=\"robots\" content=\"index, follow, max-snippet:-1, max-image-preview:large, max-video-preview:-1\" \/>\n<link rel=\"canonical\" href=\"https:\/\/paudelacalle.com\/histories\/\" \/>\n<meta property=\"og:locale\" content=\"en_US\" \/>\n<meta property=\"og:type\" content=\"article\" \/>\n<meta property=\"og:title\" content=\"Stories - Pau de la calle\" \/>\n<meta property=\"og:description\" content=\"STORIES Editorial COEXIST THE IMPRISONMENT OF PABLO HAS\u00c9L THE SEVENTH MISSION OF THE AITA MARI COEXIST THE IMPRISONMENT OF PABLO HAS\u00c9L THE SEVENTH MISSION OF THE AITA MARI COEXIST THE IMPRISONMENT OF PABLO HAS\u00c9L THE SEVENTH MISSION OF THE AITA MARI\" \/>\n<meta property=\"og:url\" content=\"https:\/\/paudelacalle.com\/histories\/\" \/>\n<meta property=\"og:site_name\" content=\"Pau de la calle\" \/>\n<meta property=\"article:modified_time\" content=\"2025-06-20T10:32:24+00:00\" \/>\n<meta property=\"og:image\" content=\"https:\/\/paudelacalle.com\/wp-content\/uploads\/elementor\/thumbs\/COEXISTIR_02-scaled-1-r5cnuvwgjxx1dgjyepehah1if0t0xfw1o2lr1ivqdm.webp\" \/>\n<meta name=\"twitter:card\" content=\"summary_large_image\" \/>\n<meta name=\"twitter:label1\" content=\"Est. reading time\" \/>\n\t<meta name=\"twitter:data1\" content=\"1 minute\" \/>\n<script type=\"application\/ld+json\" class=\"yoast-schema-graph\">{\"@context\":\"https:\/\/schema.org\",\"@graph\":[{\"@type\":\"WebPage\",\"@id\":\"https:\/\/paudelacalle.com\/histories\/\",\"url\":\"https:\/\/paudelacalle.com\/histories\/\",\"name\":\"Stories - Pau de la calle\",\"isPartOf\":{\"@id\":\"https:\/\/paudelacalle.com\/#website\"},\"primaryImageOfPage\":{\"@id\":\"https:\/\/paudelacalle.com\/histories\/#primaryimage\"},\"image\":{\"@id\":\"https:\/\/paudelacalle.com\/histories\/#primaryimage\"},\"thumbnailUrl\":\"https:\/\/paudelacalle.com\/wp-content\/uploads\/elementor\/thumbs\/COEXISTIR_02-scaled-1-r5cnuvwgjxx1dgjyepehah1if0t0xfw1o2lr1ivqdm.webp\",\"datePublished\":\"2025-01-08T15:57:23+00:00\",\"dateModified\":\"2025-06-20T10:32:24+00:00\",\"breadcrumb\":{\"@id\":\"https:\/\/paudelacalle.com\/histories\/#breadcrumb\"},\"inLanguage\":\"en-US\",\"potentialAction\":[{\"@type\":\"ReadAction\",\"target\":[\"https:\/\/paudelacalle.com\/histories\/\"]}]},{\"@type\":\"ImageObject\",\"inLanguage\":\"en-US\",\"@id\":\"https:\/\/paudelacalle.com\/histories\/#primaryimage\",\"url\":\"https:\/\/paudelacalle.com\/wp-content\/uploads\/elementor\/thumbs\/COEXISTIR_02-scaled-1-r5cnuvwgjxx1dgjyepehah1if0t0xfw1o2lr1ivqdm.webp\",\"contentUrl\":\"https:\/\/paudelacalle.com\/wp-content\/uploads\/elementor\/thumbs\/COEXISTIR_02-scaled-1-r5cnuvwgjxx1dgjyepehah1if0t0xfw1o2lr1ivqdm.webp\"},{\"@type\":\"BreadcrumbList\",\"@id\":\"https:\/\/paudelacalle.com\/histories\/#breadcrumb\",\"itemListElement\":[{\"@type\":\"ListItem\",\"position\":1,\"name\":\"Inici\",\"item\":\"https:\/\/paudelacalle.com\/en\/\"},{\"@type\":\"ListItem\",\"position\":2,\"name\":\"Stories\"}]},{\"@type\":\"WebSite\",\"@id\":\"https:\/\/paudelacalle.com\/#website\",\"url\":\"https:\/\/paudelacalle.com\/\",\"name\":\"Pau de la calle\",\"description\":\"\",\"potentialAction\":[{\"@type\":\"SearchAction\",\"target\":{\"@type\":\"EntryPoint\",\"urlTemplate\":\"https:\/\/paudelacalle.com\/?s={search_term_string}\"},\"query-input\":{\"@type\":\"PropertyValueSpecification\",\"valueRequired\":true,\"valueName\":\"search_term_string\"}}],\"inLanguage\":\"en-US\"}]}<\/script>\n<!-- \/ Yoast SEO plugin. -->","yoast_head_json":{"title":"Stories - Pau de la calle","robots":{"index":"index","follow":"follow","max-snippet":"max-snippet:-1","max-image-preview":"max-image-preview:large","max-video-preview":"max-video-preview:-1"},"canonical":"https:\/\/paudelacalle.com\/histories\/","og_locale":"en_US","og_type":"article","og_title":"Stories - Pau de la calle","og_description":"STORIES Editorial COEXIST THE IMPRISONMENT OF PABLO HAS\u00c9L THE SEVENTH MISSION OF THE AITA MARI COEXIST THE IMPRISONMENT OF PABLO HAS\u00c9L THE SEVENTH MISSION OF THE AITA MARI COEXIST THE IMPRISONMENT OF PABLO HAS\u00c9L THE SEVENTH MISSION OF THE AITA MARI","og_url":"https:\/\/paudelacalle.com\/histories\/","og_site_name":"Pau de la calle","article_modified_time":"2025-06-20T10:32:24+00:00","og_image":[{"url":"https:\/\/paudelacalle.com\/wp-content\/uploads\/elementor\/thumbs\/COEXISTIR_02-scaled-1-r5cnuvwgjxx1dgjyepehah1if0t0xfw1o2lr1ivqdm.webp","type":"","width":"","height":""}],"twitter_card":"summary_large_image","twitter_misc":{"Est. reading time":"1 minute"},"schema":{"@context":"https:\/\/schema.org","@graph":[{"@type":"WebPage","@id":"https:\/\/paudelacalle.com\/histories\/","url":"https:\/\/paudelacalle.com\/histories\/","name":"Stories - Pau de la calle","isPartOf":{"@id":"https:\/\/paudelacalle.com\/#website"},"primaryImageOfPage":{"@id":"https:\/\/paudelacalle.com\/histories\/#primaryimage"},"image":{"@id":"https:\/\/paudelacalle.com\/histories\/#primaryimage"},"thumbnailUrl":"https:\/\/paudelacalle.com\/wp-content\/uploads\/elementor\/thumbs\/COEXISTIR_02-scaled-1-r5cnuvwgjxx1dgjyepehah1if0t0xfw1o2lr1ivqdm.webp","datePublished":"2025-01-08T15:57:23+00:00","dateModified":"2025-06-20T10:32:24+00:00","breadcrumb":{"@id":"https:\/\/paudelacalle.com\/histories\/#breadcrumb"},"inLanguage":"en-US","potentialAction":[{"@type":"ReadAction","target":["https:\/\/paudelacalle.com\/histories\/"]}]},{"@type":"ImageObject","inLanguage":"en-US","@id":"https:\/\/paudelacalle.com\/histories\/#primaryimage","url":"https:\/\/paudelacalle.com\/wp-content\/uploads\/elementor\/thumbs\/COEXISTIR_02-scaled-1-r5cnuvwgjxx1dgjyepehah1if0t0xfw1o2lr1ivqdm.webp","contentUrl":"https:\/\/paudelacalle.com\/wp-content\/uploads\/elementor\/thumbs\/COEXISTIR_02-scaled-1-r5cnuvwgjxx1dgjyepehah1if0t0xfw1o2lr1ivqdm.webp"},{"@type":"BreadcrumbList","@id":"https:\/\/paudelacalle.com\/histories\/#breadcrumb","itemListElement":[{"@type":"ListItem","position":1,"name":"Inici","item":"https:\/\/paudelacalle.com\/en\/"},{"@type":"ListItem","position":2,"name":"Stories"}]},{"@type":"WebSite","@id":"https:\/\/paudelacalle.com\/#website","url":"https:\/\/paudelacalle.com\/","name":"Pau de la calle","description":"","potentialAction":[{"@type":"SearchAction","target":{"@type":"EntryPoint","urlTemplate":"https:\/\/paudelacalle.com\/?s={search_term_string}"},"query-input":{"@type":"PropertyValueSpecification","valueRequired":true,"valueName":"search_term_string"}}],"inLanguage":"en-US"}]}},"_links":{"self":[{"href":"https:\/\/paudelacalle.com\/en\/wp-json\/wp\/v2\/pages\/1814","targetHints":{"allow":["GET"]}}],"collection":[{"href":"https:\/\/paudelacalle.com\/en\/wp-json\/wp\/v2\/pages"}],"about":[{"href":"https:\/\/paudelacalle.com\/en\/wp-json\/wp\/v2\/types\/page"}],"author":[{"embeddable":true,"href":"https:\/\/paudelacalle.com\/en\/wp-json\/wp\/v2\/users\/3"}],"replies":[{"embeddable":true,"href":"https:\/\/paudelacalle.com\/en\/wp-json\/wp\/v2\/comments?post=1814"}],"version-history":[{"count":37,"href":"https:\/\/paudelacalle.com\/en\/wp-json\/wp\/v2\/pages\/1814\/revisions"}],"predecessor-version":[{"id":3431,"href":"https:\/\/paudelacalle.com\/en\/wp-json\/wp\/v2\/pages\/1814\/revisions\/3431"}],"wp:attachment":[{"href":"https:\/\/paudelacalle.com\/en\/wp-json\/wp\/v2\/media?parent=1814"}],"curies":[{"name":"wp","href":"https:\/\/api.w.org\/{rel}","templated":true}]}}