{"id":1573,"date":"2025-01-08T16:57:23","date_gmt":"2025-01-08T15:57:23","guid":{"rendered":"https:\/\/paudelacalle.com\/histories\/"},"modified":"2025-06-19T16:25:18","modified_gmt":"2025-06-19T14:25:18","slug":"historias","status":"publish","type":"page","link":"https:\/\/paudelacalle.com\/es\/historias\/","title":{"rendered":"Historias"},"content":{"rendered":"\t\t<div data-elementor-type=\"wp-page\" data-elementor-id=\"1573\" class=\"elementor elementor-1573 elementor-86\" data-elementor-post-type=\"page\">\n\t\t\t\t<div class=\"elementor-element elementor-element-8d8270e e-con-full e-flex e-con e-parent\" data-id=\"8d8270e\" data-element_type=\"container\" data-e-type=\"container\" data-settings=\"{&quot;background_background&quot;:&quot;classic&quot;}\">\n\t\t\t\t<div class=\"elementor-element elementor-element-694417c elementor-widget elementor-widget-heading\" data-id=\"694417c\" data-element_type=\"widget\" data-e-type=\"widget\" data-widget_type=\"heading.default\">\n\t\t\t\t<div class=\"elementor-widget-container\">\n\t\t\t\t\t<h2 class=\"elementor-heading-title elementor-size-default\">HISTORIAS<\/h2>\t\t\t\t<\/div>\n\t\t\t\t<\/div>\n\t\t\t\t<div class=\"elementor-element elementor-element-dd98ae7 elementor-widget elementor-widget-heading\" data-id=\"dd98ae7\" data-element_type=\"widget\" data-e-type=\"widget\" data-widget_type=\"heading.default\">\n\t\t\t\t<div class=\"elementor-widget-container\">\n\t\t\t\t\t<h2 class=\"elementor-heading-title elementor-size-default\">Editorial<\/h2>\t\t\t\t<\/div>\n\t\t\t\t<\/div>\n\t\t\t\t<\/div>\n\t\t<div class=\"elementor-element elementor-element-7f40972 e-con-full elementor-hidden-tablet elementor-hidden-mobile e-flex e-con e-parent\" data-id=\"7f40972\" data-element_type=\"container\" data-e-type=\"container\">\n\t\t<a class=\"elementor-element elementor-element-292ddac e-con-full e-flex e-con e-child\" data-id=\"292ddac\" data-element_type=\"container\" data-e-type=\"container\" data-settings=\"{&quot;background_background&quot;:&quot;classic&quot;}\" href=\"https:\/\/paudelacalle.com\/es\/coexistir\/\">\n\t\t\t\t<div class=\"elementor-element elementor-element-c24b8d2 elementor-widget elementor-widget-spacer\" data-id=\"c24b8d2\" data-element_type=\"widget\" data-e-type=\"widget\" data-widget_type=\"spacer.default\">\n\t\t\t\t<div class=\"elementor-widget-container\">\n\t\t\t\t\t\t\t<div class=\"elementor-spacer\">\n\t\t\t<div class=\"elementor-spacer-inner\"><\/div>\n\t\t<\/div>\n\t\t\t\t\t\t<\/div>\n\t\t\t\t<\/div>\n\t\t\t\t<\/a>\n\t\t<a class=\"elementor-element elementor-element-b9b0eea e-con-full e-flex e-con e-child\" data-id=\"b9b0eea\" data-element_type=\"container\" data-e-type=\"container\" data-settings=\"{&quot;background_background&quot;:&quot;classic&quot;}\" href=\"https:\/\/paudelacalle.com\/es\/el-encarcelamiento-de-pablo-hasel\/\">\n\t\t\t\t<div class=\"elementor-element elementor-element-e5c1733 elementor-widget elementor-widget-spacer\" data-id=\"e5c1733\" data-element_type=\"widget\" data-e-type=\"widget\" data-widget_type=\"spacer.default\">\n\t\t\t\t<div class=\"elementor-widget-container\">\n\t\t\t\t\t\t\t<div class=\"elementor-spacer\">\n\t\t\t<div class=\"elementor-spacer-inner\"><\/div>\n\t\t<\/div>\n\t\t\t\t\t\t<\/div>\n\t\t\t\t<\/div>\n\t\t\t\t<\/a>\n\t\t<a class=\"elementor-element elementor-element-7d5ada4 e-con-full e-flex e-con e-child\" data-id=\"7d5ada4\" data-element_type=\"container\" data-e-type=\"container\" data-settings=\"{&quot;background_background&quot;:&quot;classic&quot;}\" href=\"https:\/\/paudelacalle.com\/es\/la-septima-mision-de-la-aita-mari\/\">\n\t\t\t\t<div class=\"elementor-element elementor-element-661031f elementor-widget elementor-widget-spacer\" data-id=\"661031f\" data-element_type=\"widget\" data-e-type=\"widget\" data-widget_type=\"spacer.default\">\n\t\t\t\t<div class=\"elementor-widget-container\">\n\t\t\t\t\t\t\t<div class=\"elementor-spacer\">\n\t\t\t<div class=\"elementor-spacer-inner\"><\/div>\n\t\t<\/div>\n\t\t\t\t\t\t<\/div>\n\t\t\t\t<\/div>\n\t\t\t\t<\/a>\n\t\t\t\t<\/div>\n\t\t<div class=\"elementor-element elementor-element-dc09769 e-con-full elementor-hidden-tablet elementor-hidden-mobile e-flex e-con e-parent\" data-id=\"dc09769\" data-element_type=\"container\" data-e-type=\"container\" data-settings=\"{&quot;background_background&quot;:&quot;classic&quot;}\">\n\t\t<div class=\"elementor-element elementor-element-a9c3af0 e-con-full e-flex e-con e-child\" data-id=\"a9c3af0\" data-element_type=\"container\" data-e-type=\"container\" data-settings=\"{&quot;background_background&quot;:&quot;classic&quot;}\">\n\t\t\t\t<div class=\"elementor-element elementor-element-c72b416 elementor-widget elementor-widget-heading\" data-id=\"c72b416\" data-element_type=\"widget\" data-e-type=\"widget\" data-widget_type=\"heading.default\">\n\t\t\t\t<div class=\"elementor-widget-container\">\n\t\t\t\t\t<h2 class=\"elementor-heading-title elementor-size-default\"><a href=\"https:\/\/paudelacalle.com\/es\/coexistir\/\">COEXISTIR<\/a><\/h2>\t\t\t\t<\/div>\n\t\t\t\t<\/div>\n\t\t\t\t<\/div>\n\t\t<div class=\"elementor-element elementor-element-b4ad4bb e-con-full e-flex e-con e-child\" data-id=\"b4ad4bb\" data-element_type=\"container\" data-e-type=\"container\" data-settings=\"{&quot;background_background&quot;:&quot;classic&quot;}\">\n\t\t\t\t<div class=\"elementor-element elementor-element-eb7ce53 elementor-widget elementor-widget-heading\" data-id=\"eb7ce53\" data-element_type=\"widget\" data-e-type=\"widget\" data-widget_type=\"heading.default\">\n\t\t\t\t<div class=\"elementor-widget-container\">\n\t\t\t\t\t<h2 class=\"elementor-heading-title elementor-size-default\"><a href=\"https:\/\/paudelacalle.com\/es\/el-encarcelamiento-de-pablo-hasel\/\">EL ENCARCELAMIENTO DE PABLO HAS\u00c9L<\/a><\/h2>\t\t\t\t<\/div>\n\t\t\t\t<\/div>\n\t\t\t\t<\/div>\n\t\t<div class=\"elementor-element elementor-element-05f2ccb e-con-full e-flex e-con e-child\" data-id=\"05f2ccb\" data-element_type=\"container\" data-e-type=\"container\" data-settings=\"{&quot;background_background&quot;:&quot;classic&quot;}\">\n\t\t\t\t<div class=\"elementor-element elementor-element-cef2ac4 elementor-widget elementor-widget-heading\" data-id=\"cef2ac4\" data-element_type=\"widget\" data-e-type=\"widget\" data-widget_type=\"heading.default\">\n\t\t\t\t<div class=\"elementor-widget-container\">\n\t\t\t\t\t<h2 class=\"elementor-heading-title elementor-size-default\"><a href=\"https:\/\/paudelacalle.com\/es\/la-septima-mision-de-la-aita-mari\/\">LA S\u00c9PTIMA MISI\u00d3N DEL AITA MARI<\/a><\/h2>\t\t\t\t<\/div>\n\t\t\t\t<\/div>\n\t\t\t\t<\/div>\n\t\t\t\t<\/div>\n\t\t<div class=\"elementor-element elementor-element-43d0132 e-con-full elementor-hidden-desktop elementor-hidden-tablet e-flex e-con e-parent\" data-id=\"43d0132\" data-element_type=\"container\" data-e-type=\"container\" data-settings=\"{&quot;background_background&quot;:&quot;classic&quot;}\">\n\t\t<a class=\"elementor-element elementor-element-c387d32 e-con-full e-flex e-con e-child\" data-id=\"c387d32\" data-element_type=\"container\" data-e-type=\"container\" data-settings=\"{&quot;background_background&quot;:&quot;classic&quot;}\" href=\"https:\/\/paudelacalle.com\/es\/amor-contra-el-olvido\/\">\n\t\t\t\t<div class=\"elementor-element elementor-element-91e7822 elementor-widget elementor-widget-image\" data-id=\"91e7822\" data-element_type=\"widget\" data-e-type=\"widget\" data-widget_type=\"image.default\">\n\t\t\t\t<div class=\"elementor-widget-container\">\n\t\t\t\t\t\t\t\t\t\t\t\t\t\t\t\t<a href=\"https:\/\/paudelacalle.com\/es\/coexistir\/\">\n\t\t\t\t\t\t\t<img decoding=\"async\" src=\"https:\/\/paudelacalle.com\/wp-content\/uploads\/elementor\/thumbs\/COEXISTIR_02-scaled-1-r5cnuvwgjxx1dgjyepehah1if0t0xfw1o2lr1ivqdm.webp\" title=\"COEXISTIR_02-scaled.webp\" alt=\"COEXISTIR_02-scaled.webp\" loading=\"lazy\" \/>\t\t\t\t\t\t\t\t<\/a>\n\t\t\t\t\t\t\t\t\t\t\t\t\t\t\t<\/div>\n\t\t\t\t<\/div>\n\t\t\t\t<div class=\"elementor-element elementor-element-88a129b elementor-widget elementor-widget-heading\" data-id=\"88a129b\" data-element_type=\"widget\" data-e-type=\"widget\" data-widget_type=\"heading.default\">\n\t\t\t\t<div class=\"elementor-widget-container\">\n\t\t\t\t\t<h2 class=\"elementor-heading-title elementor-size-default\"><a href=\"https:\/\/paudelacalle.com\/es\/coexistir\/\">COEXISTIR<\/a><\/h2>\t\t\t\t<\/div>\n\t\t\t\t<\/div>\n\t\t\t\t<\/a>\n\t\t<a class=\"elementor-element elementor-element-3513145 e-con-full e-flex e-con e-child\" data-id=\"3513145\" data-element_type=\"container\" data-e-type=\"container\" data-settings=\"{&quot;background_background&quot;:&quot;classic&quot;}\" href=\"https:\/\/paudelacalle.com\/es\/escritores-de-trenes\/\">\n\t\t\t\t<div class=\"elementor-element elementor-element-3ae6ed0 elementor-widget elementor-widget-image\" data-id=\"3ae6ed0\" data-element_type=\"widget\" data-e-type=\"widget\" data-widget_type=\"image.default\">\n\t\t\t\t<div class=\"elementor-widget-container\">\n\t\t\t\t\t\t\t\t\t\t\t\t\t\t\t\t<a href=\"https:\/\/paudelacalle.com\/es\/el-encarcelamiento-de-pablo-hasel\/\">\n\t\t\t\t\t\t\t<img decoding=\"async\" src=\"https:\/\/paudelacalle.com\/wp-content\/uploads\/elementor\/thumbs\/PabloHasel003-scaled-1-r5cnuwuaqrybp2il97t3uysz0eoe54zs0798isuc7e.webp\" title=\"PabloHasel003-scaled.webp\" alt=\"PabloHasel003-scaled.webp\" loading=\"lazy\" \/>\t\t\t\t\t\t\t\t<\/a>\n\t\t\t\t\t\t\t\t\t\t\t\t\t\t\t<\/div>\n\t\t\t\t<\/div>\n\t\t\t\t<div class=\"elementor-element elementor-element-7accf6e elementor-widget elementor-widget-heading\" data-id=\"7accf6e\" data-element_type=\"widget\" data-e-type=\"widget\" data-widget_type=\"heading.default\">\n\t\t\t\t<div class=\"elementor-widget-container\">\n\t\t\t\t\t<h2 class=\"elementor-heading-title elementor-size-default\"><a href=\"https:\/\/paudelacalle.com\/es\/el-encarcelamiento-de-pablo-hasel\/\">EL ENCARCELAMIENTO DE PABLO HAS\u00c9L<\/a><\/h2>\t\t\t\t<\/div>\n\t\t\t\t<\/div>\n\t\t\t\t<\/a>\n\t\t<a class=\"elementor-element elementor-element-086e989 e-con-full e-flex e-con e-child\" data-id=\"086e989\" data-element_type=\"container\" data-e-type=\"container\" data-settings=\"{&quot;background_background&quot;:&quot;classic&quot;}\" href=\"https:\/\/paudelacalle.com\/es\/mas-alla-de-la-tormenta\/\">\n\t\t\t\t<div class=\"elementor-element elementor-element-cdc6e57 elementor-widget elementor-widget-image\" data-id=\"cdc6e57\" data-element_type=\"widget\" data-e-type=\"widget\" data-widget_type=\"image.default\">\n\t\t\t\t<div class=\"elementor-widget-container\">\n\t\t\t\t\t\t\t\t\t\t\t\t\t\t\t\t<a href=\"https:\/\/paudelacalle.com\/es\/la-septima-mision-de-la-aita-mari\/\">\n\t\t\t\t\t\t\t<img decoding=\"async\" src=\"https:\/\/paudelacalle.com\/wp-content\/uploads\/elementor\/thumbs\/7aMissio_003-scaled-1-r5cnuxs4xlzm0oh83q7qfgkflsjrcu3icbwq02sy16.webp\" title=\"7aMissio_003-scaled.webp\" alt=\"7aMissio_003-scaled.webp\" loading=\"lazy\" \/>\t\t\t\t\t\t\t\t<\/a>\n\t\t\t\t\t\t\t\t\t\t\t\t\t\t\t<\/div>\n\t\t\t\t<\/div>\n\t\t\t\t<div class=\"elementor-element elementor-element-a56710c elementor-widget elementor-widget-heading\" data-id=\"a56710c\" data-element_type=\"widget\" data-e-type=\"widget\" data-widget_type=\"heading.default\">\n\t\t\t\t<div class=\"elementor-widget-container\">\n\t\t\t\t\t<h2 class=\"elementor-heading-title elementor-size-default\"><a href=\"https:\/\/paudelacalle.com\/es\/la-septima-mision-de-la-aita-mari\/\">LA S\u00c9PTIMA MISI\u00d3N DEL AITA MARI<\/a><\/h2>\t\t\t\t<\/div>\n\t\t\t\t<\/div>\n\t\t\t\t<\/a>\n\t\t\t\t<\/div>\n\t\t<div class=\"elementor-element elementor-element-38ded8a e-con-full elementor-hidden-desktop elementor-hidden-mobile e-flex e-con e-parent\" data-id=\"38ded8a\" data-element_type=\"container\" data-e-type=\"container\" data-settings=\"{&quot;background_background&quot;:&quot;classic&quot;}\">\n\t\t<div class=\"elementor-element elementor-element-f512e1e e-con-full e-flex e-con e-child\" data-id=\"f512e1e\" data-element_type=\"container\" data-e-type=\"container\">\n\t\t<a class=\"elementor-element elementor-element-9ea562a e-con-full e-flex e-con e-child\" data-id=\"9ea562a\" data-element_type=\"container\" data-e-type=\"container\" data-settings=\"{&quot;background_background&quot;:&quot;classic&quot;}\" href=\"https:\/\/paudelacalle.com\/es\/coexistir\/\">\n\t\t\t\t<\/a>\n\t\t\t\t<div class=\"elementor-element elementor-element-a7f4bd9 elementor-widget elementor-widget-heading\" data-id=\"a7f4bd9\" data-element_type=\"widget\" data-e-type=\"widget\" data-widget_type=\"heading.default\">\n\t\t\t\t<div class=\"elementor-widget-container\">\n\t\t\t\t\t<h2 class=\"elementor-heading-title elementor-size-default\"><a href=\"https:\/\/paudelacalle.com\/es\/coexistir\/\">COEXISTIR<\/a><\/h2>\t\t\t\t<\/div>\n\t\t\t\t<\/div>\n\t\t\t\t<\/div>\n\t\t<div class=\"elementor-element elementor-element-ddd08dc e-con-full e-flex e-con e-child\" data-id=\"ddd08dc\" data-element_type=\"container\" data-e-type=\"container\">\n\t\t<a class=\"elementor-element elementor-element-2e2f04a e-con-full e-flex e-con e-child\" data-id=\"2e2f04a\" data-element_type=\"container\" data-e-type=\"container\" data-settings=\"{&quot;background_background&quot;:&quot;classic&quot;}\" href=\"https:\/\/paudelacalle.com\/es\/el-encarcelamiento-de-pablo-hasel\/\">\n\t\t\t\t<\/a>\n\t\t\t\t<div class=\"elementor-element elementor-element-8a78b2f elementor-widget elementor-widget-heading\" data-id=\"8a78b2f\" data-element_type=\"widget\" data-e-type=\"widget\" data-widget_type=\"heading.default\">\n\t\t\t\t<div class=\"elementor-widget-container\">\n\t\t\t\t\t<h2 class=\"elementor-heading-title elementor-size-default\"><a href=\"https:\/\/paudelacalle.com\/es\/el-encarcelamiento-de-pablo-hasel\/\">EL ENCARCELAMIENTO DE PABLO HAS\u00c9L\n<\/a><\/h2>\t\t\t\t<\/div>\n\t\t\t\t<\/div>\n\t\t\t\t<\/div>\n\t\t<div class=\"elementor-element elementor-element-318bed2 e-con-full e-flex e-con e-child\" data-id=\"318bed2\" data-element_type=\"container\" data-e-type=\"container\">\n\t\t<a class=\"elementor-element elementor-element-5a9fffc e-con-full e-flex e-con e-child\" data-id=\"5a9fffc\" data-element_type=\"container\" data-e-type=\"container\" data-settings=\"{&quot;background_background&quot;:&quot;classic&quot;}\" href=\"https:\/\/paudelacalle.com\/es\/la-septima-mision-de-la-aita-mari\/\">\n\t\t\t\t<\/a>\n\t\t\t\t<div class=\"elementor-element elementor-element-dc46f16 elementor-widget elementor-widget-heading\" data-id=\"dc46f16\" data-element_type=\"widget\" data-e-type=\"widget\" data-widget_type=\"heading.default\">\n\t\t\t\t<div class=\"elementor-widget-container\">\n\t\t\t\t\t<h2 class=\"elementor-heading-title elementor-size-default\"><a href=\"https:\/\/paudelacalle.com\/es\/la-septima-mision-de-la-aita-mari\/\">LA S\u00c9PTIMA MISI\u00d3N DEL AITA MARI<\/a><\/h2>\t\t\t\t<\/div>\n\t\t\t\t<\/div>\n\t\t\t\t<\/div>\n\t\t\t\t<\/div>\n\t\t\t\t<\/div>\n\t\t","protected":false},"excerpt":{"rendered":"<p>HISTORIAS Editorial COEXISTIR EL ENCARCELAMIENTO DE PABLO HAS\u00c9L LA S\u00c9PTIMA MISI\u00d3N DEL AITA MARI COEXISTIR EL ENCARCELAMIENTO DE PABLO HAS\u00c9L LA S\u00c9PTIMA MISI\u00d3N DEL AITA MARI COEXISTIR EL ENCARCELAMIENTO DE PABLO HAS\u00c9L LA S\u00c9PTIMA MISI\u00d3N DEL AITA MARI<\/p>\n","protected":false},"author":3,"featured_media":0,"parent":0,"menu_order":0,"comment_status":"closed","ping_status":"closed","template":"elementor_header_footer","meta":{"footnotes":""},"class_list":["post-1573","page","type-page","status-publish","hentry"],"yoast_head":"<!-- This site is optimized with the Yoast SEO plugin v27.0 - https:\/\/yoast.com\/product\/yoast-seo-wordpress\/ -->\n<title>Historias - Pau de la calle<\/title>\n<meta name=\"robots\" content=\"index, follow, max-snippet:-1, max-image-preview:large, max-video-preview:-1\" \/>\n<link rel=\"canonical\" href=\"https:\/\/paudelacalle.com\/histories\/\" \/>\n<meta property=\"og:locale\" content=\"es_ES\" \/>\n<meta property=\"og:type\" content=\"article\" \/>\n<meta property=\"og:title\" content=\"Historias - Pau de la calle\" \/>\n<meta property=\"og:description\" content=\"HISTORIAS Editorial COEXISTIR EL ENCARCELAMIENTO DE PABLO HAS\u00c9L LA S\u00c9PTIMA MISI\u00d3N DEL AITA MARI COEXISTIR EL ENCARCELAMIENTO DE PABLO HAS\u00c9L LA S\u00c9PTIMA MISI\u00d3N DEL AITA MARI COEXISTIR EL ENCARCELAMIENTO DE PABLO HAS\u00c9L LA S\u00c9PTIMA MISI\u00d3N DEL AITA MARI\" \/>\n<meta property=\"og:url\" content=\"https:\/\/paudelacalle.com\/histories\/\" \/>\n<meta property=\"og:site_name\" content=\"Pau de la calle\" \/>\n<meta property=\"article:modified_time\" content=\"2025-06-19T14:25:18+00:00\" \/>\n<meta property=\"og:image\" content=\"https:\/\/paudelacalle.com\/wp-content\/uploads\/elementor\/thumbs\/COEXISTIR_02-scaled-1-r5cnuvwgjxx1dgjyepehah1if0t0xfw1o2lr1ivqdm.webp\" \/>\n<meta name=\"twitter:card\" content=\"summary_large_image\" \/>\n<meta name=\"twitter:label1\" content=\"Tiempo de lectura\" \/>\n\t<meta name=\"twitter:data1\" content=\"1 minuto\" \/>\n<script type=\"application\/ld+json\" class=\"yoast-schema-graph\">{\"@context\":\"https:\/\/schema.org\",\"@graph\":[{\"@type\":\"WebPage\",\"@id\":\"https:\/\/paudelacalle.com\/histories\/\",\"url\":\"https:\/\/paudelacalle.com\/histories\/\",\"name\":\"Historias - Pau de la calle\",\"isPartOf\":{\"@id\":\"https:\/\/paudelacalle.com\/#website\"},\"primaryImageOfPage\":{\"@id\":\"https:\/\/paudelacalle.com\/histories\/#primaryimage\"},\"image\":{\"@id\":\"https:\/\/paudelacalle.com\/histories\/#primaryimage\"},\"thumbnailUrl\":\"https:\/\/paudelacalle.com\/wp-content\/uploads\/elementor\/thumbs\/COEXISTIR_02-scaled-1-r5cnuvwgjxx1dgjyepehah1if0t0xfw1o2lr1ivqdm.webp\",\"datePublished\":\"2025-01-08T15:57:23+00:00\",\"dateModified\":\"2025-06-19T14:25:18+00:00\",\"breadcrumb\":{\"@id\":\"https:\/\/paudelacalle.com\/histories\/#breadcrumb\"},\"inLanguage\":\"es\",\"potentialAction\":[{\"@type\":\"ReadAction\",\"target\":[\"https:\/\/paudelacalle.com\/histories\/\"]}]},{\"@type\":\"ImageObject\",\"inLanguage\":\"es\",\"@id\":\"https:\/\/paudelacalle.com\/histories\/#primaryimage\",\"url\":\"https:\/\/paudelacalle.com\/wp-content\/uploads\/elementor\/thumbs\/COEXISTIR_02-scaled-1-r5cnuvwgjxx1dgjyepehah1if0t0xfw1o2lr1ivqdm.webp\",\"contentUrl\":\"https:\/\/paudelacalle.com\/wp-content\/uploads\/elementor\/thumbs\/COEXISTIR_02-scaled-1-r5cnuvwgjxx1dgjyepehah1if0t0xfw1o2lr1ivqdm.webp\"},{\"@type\":\"BreadcrumbList\",\"@id\":\"https:\/\/paudelacalle.com\/histories\/#breadcrumb\",\"itemListElement\":[{\"@type\":\"ListItem\",\"position\":1,\"name\":\"Inici\",\"item\":\"https:\/\/paudelacalle.com\/es\/\"},{\"@type\":\"ListItem\",\"position\":2,\"name\":\"Historias\"}]},{\"@type\":\"WebSite\",\"@id\":\"https:\/\/paudelacalle.com\/#website\",\"url\":\"https:\/\/paudelacalle.com\/\",\"name\":\"Pau de la calle\",\"description\":\"\",\"potentialAction\":[{\"@type\":\"SearchAction\",\"target\":{\"@type\":\"EntryPoint\",\"urlTemplate\":\"https:\/\/paudelacalle.com\/?s={search_term_string}\"},\"query-input\":{\"@type\":\"PropertyValueSpecification\",\"valueRequired\":true,\"valueName\":\"search_term_string\"}}],\"inLanguage\":\"es\"}]}<\/script>\n<!-- \/ Yoast SEO plugin. -->","yoast_head_json":{"title":"Historias - Pau de la calle","robots":{"index":"index","follow":"follow","max-snippet":"max-snippet:-1","max-image-preview":"max-image-preview:large","max-video-preview":"max-video-preview:-1"},"canonical":"https:\/\/paudelacalle.com\/histories\/","og_locale":"es_ES","og_type":"article","og_title":"Historias - Pau de la calle","og_description":"HISTORIAS Editorial COEXISTIR EL ENCARCELAMIENTO DE PABLO HAS\u00c9L LA S\u00c9PTIMA MISI\u00d3N DEL AITA MARI COEXISTIR EL ENCARCELAMIENTO DE PABLO HAS\u00c9L LA S\u00c9PTIMA MISI\u00d3N DEL AITA MARI COEXISTIR EL ENCARCELAMIENTO DE PABLO HAS\u00c9L LA S\u00c9PTIMA MISI\u00d3N DEL AITA MARI","og_url":"https:\/\/paudelacalle.com\/histories\/","og_site_name":"Pau de la calle","article_modified_time":"2025-06-19T14:25:18+00:00","og_image":[{"url":"https:\/\/paudelacalle.com\/wp-content\/uploads\/elementor\/thumbs\/COEXISTIR_02-scaled-1-r5cnuvwgjxx1dgjyepehah1if0t0xfw1o2lr1ivqdm.webp","type":"","width":"","height":""}],"twitter_card":"summary_large_image","twitter_misc":{"Tiempo de lectura":"1 minuto"},"schema":{"@context":"https:\/\/schema.org","@graph":[{"@type":"WebPage","@id":"https:\/\/paudelacalle.com\/histories\/","url":"https:\/\/paudelacalle.com\/histories\/","name":"Historias - Pau de la calle","isPartOf":{"@id":"https:\/\/paudelacalle.com\/#website"},"primaryImageOfPage":{"@id":"https:\/\/paudelacalle.com\/histories\/#primaryimage"},"image":{"@id":"https:\/\/paudelacalle.com\/histories\/#primaryimage"},"thumbnailUrl":"https:\/\/paudelacalle.com\/wp-content\/uploads\/elementor\/thumbs\/COEXISTIR_02-scaled-1-r5cnuvwgjxx1dgjyepehah1if0t0xfw1o2lr1ivqdm.webp","datePublished":"2025-01-08T15:57:23+00:00","dateModified":"2025-06-19T14:25:18+00:00","breadcrumb":{"@id":"https:\/\/paudelacalle.com\/histories\/#breadcrumb"},"inLanguage":"es","potentialAction":[{"@type":"ReadAction","target":["https:\/\/paudelacalle.com\/histories\/"]}]},{"@type":"ImageObject","inLanguage":"es","@id":"https:\/\/paudelacalle.com\/histories\/#primaryimage","url":"https:\/\/paudelacalle.com\/wp-content\/uploads\/elementor\/thumbs\/COEXISTIR_02-scaled-1-r5cnuvwgjxx1dgjyepehah1if0t0xfw1o2lr1ivqdm.webp","contentUrl":"https:\/\/paudelacalle.com\/wp-content\/uploads\/elementor\/thumbs\/COEXISTIR_02-scaled-1-r5cnuvwgjxx1dgjyepehah1if0t0xfw1o2lr1ivqdm.webp"},{"@type":"BreadcrumbList","@id":"https:\/\/paudelacalle.com\/histories\/#breadcrumb","itemListElement":[{"@type":"ListItem","position":1,"name":"Inici","item":"https:\/\/paudelacalle.com\/es\/"},{"@type":"ListItem","position":2,"name":"Historias"}]},{"@type":"WebSite","@id":"https:\/\/paudelacalle.com\/#website","url":"https:\/\/paudelacalle.com\/","name":"Pau de la calle","description":"","potentialAction":[{"@type":"SearchAction","target":{"@type":"EntryPoint","urlTemplate":"https:\/\/paudelacalle.com\/?s={search_term_string}"},"query-input":{"@type":"PropertyValueSpecification","valueRequired":true,"valueName":"search_term_string"}}],"inLanguage":"es"}]}},"_links":{"self":[{"href":"https:\/\/paudelacalle.com\/es\/wp-json\/wp\/v2\/pages\/1573","targetHints":{"allow":["GET"]}}],"collection":[{"href":"https:\/\/paudelacalle.com\/es\/wp-json\/wp\/v2\/pages"}],"about":[{"href":"https:\/\/paudelacalle.com\/es\/wp-json\/wp\/v2\/types\/page"}],"author":[{"embeddable":true,"href":"https:\/\/paudelacalle.com\/es\/wp-json\/wp\/v2\/users\/3"}],"replies":[{"embeddable":true,"href":"https:\/\/paudelacalle.com\/es\/wp-json\/wp\/v2\/comments?post=1573"}],"version-history":[{"count":43,"href":"https:\/\/paudelacalle.com\/es\/wp-json\/wp\/v2\/pages\/1573\/revisions"}],"predecessor-version":[{"id":3371,"href":"https:\/\/paudelacalle.com\/es\/wp-json\/wp\/v2\/pages\/1573\/revisions\/3371"}],"wp:attachment":[{"href":"https:\/\/paudelacalle.com\/es\/wp-json\/wp\/v2\/media?parent=1573"}],"curies":[{"name":"wp","href":"https:\/\/api.w.org\/{rel}","templated":true}]}}