{"id":1596,"date":"2025-01-14T09:37:12","date_gmt":"2025-01-14T08:37:12","guid":{"rendered":"https:\/\/paudelacalle.com\/projectes\/"},"modified":"2025-06-19T16:21:07","modified_gmt":"2025-06-19T14:21:07","slug":"proyectos","status":"publish","type":"page","link":"https:\/\/paudelacalle.com\/es\/proyectos\/","title":{"rendered":"Proyectos"},"content":{"rendered":"\t\t<div data-elementor-type=\"wp-page\" data-elementor-id=\"1596\" class=\"elementor elementor-1596 elementor-276\" data-elementor-post-type=\"page\">\n\t\t\t\t<div class=\"elementor-element elementor-element-73391e9 e-con-full e-flex e-con e-parent\" data-id=\"73391e9\" data-element_type=\"container\" data-e-type=\"container\" data-settings=\"{&quot;background_background&quot;:&quot;classic&quot;}\">\n\t\t\t\t<div class=\"elementor-element elementor-element-ae3ec21 elementor-widget elementor-widget-heading\" data-id=\"ae3ec21\" data-element_type=\"widget\" data-e-type=\"widget\" data-widget_type=\"heading.default\">\n\t\t\t\t<div class=\"elementor-widget-container\">\n\t\t\t\t\t<h2 class=\"elementor-heading-title elementor-size-default\">PROYECTOS<\/h2>\t\t\t\t<\/div>\n\t\t\t\t<\/div>\n\t\t\t\t<div class=\"elementor-element elementor-element-2589a62 elementor-widget elementor-widget-heading\" data-id=\"2589a62\" data-element_type=\"widget\" data-e-type=\"widget\" data-widget_type=\"heading.default\">\n\t\t\t\t<div class=\"elementor-widget-container\">\n\t\t\t\t\t<h2 class=\"elementor-heading-title elementor-size-default\">Editorial<\/h2>\t\t\t\t<\/div>\n\t\t\t\t<\/div>\n\t\t\t\t<\/div>\n\t\t<div class=\"elementor-element elementor-element-3a7660a e-con-full elementor-hidden-tablet elementor-hidden-mobile e-flex e-con e-parent\" data-id=\"3a7660a\" data-element_type=\"container\" data-e-type=\"container\">\n\t\t<a class=\"elementor-element elementor-element-d2f09ea e-con-full e-flex e-con e-child\" data-id=\"d2f09ea\" data-element_type=\"container\" data-e-type=\"container\" data-settings=\"{&quot;background_background&quot;:&quot;classic&quot;}\" href=\"https:\/\/paudelacalle.com\/es\/amor-contra-el-olvido\/\">\n\t\t\t\t<div class=\"elementor-element elementor-element-b4c9688 elementor-widget elementor-widget-spacer\" data-id=\"b4c9688\" data-element_type=\"widget\" data-e-type=\"widget\" data-widget_type=\"spacer.default\">\n\t\t\t\t<div class=\"elementor-widget-container\">\n\t\t\t\t\t\t\t<div class=\"elementor-spacer\">\n\t\t\t<div class=\"elementor-spacer-inner\"><\/div>\n\t\t<\/div>\n\t\t\t\t\t\t<\/div>\n\t\t\t\t<\/div>\n\t\t\t\t<\/a>\n\t\t<a class=\"elementor-element elementor-element-1c9c53e e-con-full e-flex e-con e-child\" data-id=\"1c9c53e\" data-element_type=\"container\" data-e-type=\"container\" data-settings=\"{&quot;background_background&quot;:&quot;classic&quot;}\" href=\"https:\/\/paudelacalle.com\/es\/escritores-de-trenes\/\">\n\t\t\t\t<div class=\"elementor-element elementor-element-ac98ce3 elementor-widget elementor-widget-spacer\" data-id=\"ac98ce3\" data-element_type=\"widget\" data-e-type=\"widget\" data-widget_type=\"spacer.default\">\n\t\t\t\t<div class=\"elementor-widget-container\">\n\t\t\t\t\t\t\t<div class=\"elementor-spacer\">\n\t\t\t<div class=\"elementor-spacer-inner\"><\/div>\n\t\t<\/div>\n\t\t\t\t\t\t<\/div>\n\t\t\t\t<\/div>\n\t\t\t\t<\/a>\n\t\t<a class=\"elementor-element elementor-element-25be688 e-con-full e-flex e-con e-child\" data-id=\"25be688\" data-element_type=\"container\" data-e-type=\"container\" data-settings=\"{&quot;background_background&quot;:&quot;classic&quot;}\" href=\"https:\/\/paudelacalle.com\/es\/mas-alla-de-la-tormenta\/\">\n\t\t\t\t<div class=\"elementor-element elementor-element-0fc2e41 elementor-widget elementor-widget-spacer\" data-id=\"0fc2e41\" data-element_type=\"widget\" data-e-type=\"widget\" data-widget_type=\"spacer.default\">\n\t\t\t\t<div class=\"elementor-widget-container\">\n\t\t\t\t\t\t\t<div class=\"elementor-spacer\">\n\t\t\t<div class=\"elementor-spacer-inner\"><\/div>\n\t\t<\/div>\n\t\t\t\t\t\t<\/div>\n\t\t\t\t<\/div>\n\t\t\t\t<\/a>\n\t\t\t\t<\/div>\n\t\t<div class=\"elementor-element elementor-element-389dac3 e-con-full elementor-hidden-tablet elementor-hidden-mobile e-flex e-con e-parent\" data-id=\"389dac3\" data-element_type=\"container\" data-e-type=\"container\" data-settings=\"{&quot;background_background&quot;:&quot;classic&quot;}\">\n\t\t<div class=\"elementor-element elementor-element-0252e3e e-con-full e-flex e-con e-child\" data-id=\"0252e3e\" data-element_type=\"container\" data-e-type=\"container\" data-settings=\"{&quot;background_background&quot;:&quot;classic&quot;}\">\n\t\t\t\t<div class=\"elementor-element elementor-element-7fa8867 elementor-widget elementor-widget-heading\" data-id=\"7fa8867\" data-element_type=\"widget\" data-e-type=\"widget\" data-widget_type=\"heading.default\">\n\t\t\t\t<div class=\"elementor-widget-container\">\n\t\t\t\t\t<h2 class=\"elementor-heading-title elementor-size-default\"><a href=\"https:\/\/paudelacalle.com\/es\/amor-contra-el-olvido\/\">AMOR CONTRA EL OLVIDO<\/a><\/h2>\t\t\t\t<\/div>\n\t\t\t\t<\/div>\n\t\t\t\t<\/div>\n\t\t<div class=\"elementor-element elementor-element-98b3496 e-con-full e-flex e-con e-child\" data-id=\"98b3496\" data-element_type=\"container\" data-e-type=\"container\" data-settings=\"{&quot;background_background&quot;:&quot;classic&quot;}\">\n\t\t\t\t<div class=\"elementor-element elementor-element-0a2b7b5 elementor-widget elementor-widget-heading\" data-id=\"0a2b7b5\" data-element_type=\"widget\" data-e-type=\"widget\" data-widget_type=\"heading.default\">\n\t\t\t\t<div class=\"elementor-widget-container\">\n\t\t\t\t\t<h2 class=\"elementor-heading-title elementor-size-default\"><a href=\"https:\/\/paudelacalle.com\/es\/escritores-de-trenes\/\">ESCRITORES DE TRENES<\/a><\/h2>\t\t\t\t<\/div>\n\t\t\t\t<\/div>\n\t\t\t\t<\/div>\n\t\t<div class=\"elementor-element elementor-element-bbfe7d0 e-con-full e-flex e-con e-child\" data-id=\"bbfe7d0\" data-element_type=\"container\" data-e-type=\"container\" data-settings=\"{&quot;background_background&quot;:&quot;classic&quot;}\">\n\t\t\t\t<div class=\"elementor-element elementor-element-4c70743 elementor-widget elementor-widget-heading\" data-id=\"4c70743\" data-element_type=\"widget\" data-e-type=\"widget\" data-widget_type=\"heading.default\">\n\t\t\t\t<div class=\"elementor-widget-container\">\n\t\t\t\t\t<h2 class=\"elementor-heading-title elementor-size-default\"><a href=\"https:\/\/paudelacalle.com\/es\/mas-alla-de-la-tormenta\/\">M\u00c1S ALL\u00c1 DE LA TORMENTA<\/a><\/h2>\t\t\t\t<\/div>\n\t\t\t\t<\/div>\n\t\t\t\t<\/div>\n\t\t\t\t<\/div>\n\t\t<div class=\"elementor-element elementor-element-dfb5f3a e-con-full elementor-hidden-desktop elementor-hidden-tablet e-flex e-con e-parent\" data-id=\"dfb5f3a\" data-element_type=\"container\" data-e-type=\"container\" data-settings=\"{&quot;background_background&quot;:&quot;classic&quot;}\">\n\t\t<a class=\"elementor-element elementor-element-5f1a5a0 e-con-full e-flex e-con e-child\" data-id=\"5f1a5a0\" data-element_type=\"container\" data-e-type=\"container\" data-settings=\"{&quot;background_background&quot;:&quot;classic&quot;}\" href=\"https:\/\/paudelacalle.com\/es\/amor-contra-el-olvido\/\">\n\t\t\t\t<div class=\"elementor-element elementor-element-880fce1 elementor-widget elementor-widget-image\" data-id=\"880fce1\" data-element_type=\"widget\" data-e-type=\"widget\" data-widget_type=\"image.default\">\n\t\t\t\t<div class=\"elementor-widget-container\">\n\t\t\t\t\t\t\t\t\t\t\t\t\t\t\t\t<a href=\"https:\/\/paudelacalle.com\/es\/amor-contra-el-olvido\/\">\n\t\t\t\t\t\t\t<img decoding=\"async\" src=\"https:\/\/paudelacalle.com\/wp-content\/uploads\/elementor\/thumbs\/AmorContralElOlvido-6-r0ro1qdltgg8ll51u5clkiw6fd79mp3d088523fgp6.jpg\" title=\"AmorContralElOlvido-6\" alt=\"AmorContralElOlvido-6\" loading=\"lazy\" \/>\t\t\t\t\t\t\t\t<\/a>\n\t\t\t\t\t\t\t\t\t\t\t\t\t\t\t<\/div>\n\t\t\t\t<\/div>\n\t\t\t\t<div class=\"elementor-element elementor-element-574a130 elementor-widget elementor-widget-heading\" data-id=\"574a130\" data-element_type=\"widget\" data-e-type=\"widget\" data-widget_type=\"heading.default\">\n\t\t\t\t<div class=\"elementor-widget-container\">\n\t\t\t\t\t<h2 class=\"elementor-heading-title elementor-size-default\"><a href=\"https:\/\/paudelacalle.com\/es\/amor-contra-el-olvido\/\">AMOR CONTRA EL OLVIDO<\/a><\/h2>\t\t\t\t<\/div>\n\t\t\t\t<\/div>\n\t\t\t\t<\/a>\n\t\t<a class=\"elementor-element elementor-element-c033523 e-con-full e-flex e-con e-child\" data-id=\"c033523\" data-element_type=\"container\" data-e-type=\"container\" data-settings=\"{&quot;background_background&quot;:&quot;classic&quot;}\" href=\"https:\/\/paudelacalle.com\/es\/escritores-de-trenes\/\">\n\t\t\t\t<div class=\"elementor-element elementor-element-a786c06 elementor-widget elementor-widget-image\" data-id=\"a786c06\" data-element_type=\"widget\" data-e-type=\"widget\" data-widget_type=\"image.default\">\n\t\t\t\t<div class=\"elementor-widget-container\">\n\t\t\t\t\t\t\t\t\t\t\t\t\t\t\t\t<a href=\"https:\/\/paudelacalle.com\/es\/escritores-de-trenes\/\">\n\t\t\t\t\t\t\t<img decoding=\"async\" src=\"https:\/\/paudelacalle.com\/wp-content\/uploads\/elementor\/thumbs\/EscriptorsTrens010-1-r0ro1ohxfsdnyd7s54jcfjd98lgj7avwbyx63ji91m.jpeg\" title=\"EscriptorsTrens010\" alt=\"EscriptorsTrens010\" loading=\"lazy\" \/>\t\t\t\t\t\t\t\t<\/a>\n\t\t\t\t\t\t\t\t\t\t\t\t\t\t\t<\/div>\n\t\t\t\t<\/div>\n\t\t\t\t<div class=\"elementor-element elementor-element-164378e elementor-widget elementor-widget-heading\" data-id=\"164378e\" data-element_type=\"widget\" data-e-type=\"widget\" data-widget_type=\"heading.default\">\n\t\t\t\t<div class=\"elementor-widget-container\">\n\t\t\t\t\t<h2 class=\"elementor-heading-title elementor-size-default\"><a href=\"https:\/\/paudelacalle.com\/es\/escritores-de-trenes\/\">ESCRITORES DE TRENES<\/a><\/h2>\t\t\t\t<\/div>\n\t\t\t\t<\/div>\n\t\t\t\t<\/a>\n\t\t<a class=\"elementor-element elementor-element-6d6e45b e-con-full e-flex e-con e-child\" data-id=\"6d6e45b\" data-element_type=\"container\" data-e-type=\"container\" data-settings=\"{&quot;background_background&quot;:&quot;classic&quot;}\" href=\"https:\/\/paudelacalle.com\/es\/mas-alla-de-la-tormenta\/\">\n\t\t\t\t<div class=\"elementor-element elementor-element-eedd012 elementor-widget elementor-widget-image\" data-id=\"eedd012\" data-element_type=\"widget\" data-e-type=\"widget\" data-widget_type=\"image.default\">\n\t\t\t\t<div class=\"elementor-widget-container\">\n\t\t\t\t\t\t\t\t\t\t\t\t\t\t\t\t<a href=\"https:\/\/paudelacalle.com\/es\/mas-alla-de-la-tormenta\/\">\n\t\t\t\t\t\t\t<img decoding=\"async\" src=\"https:\/\/paudelacalle.com\/wp-content\/uploads\/elementor\/thumbs\/BeyondTheStorm12-1-r0ro1ohxfsdnyd7s54jcfjd98lgj7avwbyx63ji91m.jpg\" title=\"BeyondTheStorm12\" alt=\"BeyondTheStorm12\" loading=\"lazy\" \/>\t\t\t\t\t\t\t\t<\/a>\n\t\t\t\t\t\t\t\t\t\t\t\t\t\t\t<\/div>\n\t\t\t\t<\/div>\n\t\t\t\t<div class=\"elementor-element elementor-element-29481d5 elementor-widget elementor-widget-heading\" data-id=\"29481d5\" data-element_type=\"widget\" data-e-type=\"widget\" data-widget_type=\"heading.default\">\n\t\t\t\t<div class=\"elementor-widget-container\">\n\t\t\t\t\t<h2 class=\"elementor-heading-title elementor-size-default\"><a href=\"https:\/\/paudelacalle.com\/es\/mas-alla-de-la-tormenta\/\">M\u00c1S ALL\u00c1 DE LA TORMENTA<\/a><\/h2>\t\t\t\t<\/div>\n\t\t\t\t<\/div>\n\t\t\t\t<\/a>\n\t\t\t\t<\/div>\n\t\t<div class=\"elementor-element elementor-element-ff52027 e-con-full elementor-hidden-desktop elementor-hidden-mobile e-flex e-con e-parent\" data-id=\"ff52027\" data-element_type=\"container\" data-e-type=\"container\" data-settings=\"{&quot;background_background&quot;:&quot;classic&quot;}\">\n\t\t<div class=\"elementor-element elementor-element-c9282e5 e-con-full e-flex e-con e-child\" data-id=\"c9282e5\" data-element_type=\"container\" data-e-type=\"container\">\n\t\t<a class=\"elementor-element elementor-element-2cb9f43 e-con-full e-flex e-con e-child\" data-id=\"2cb9f43\" data-element_type=\"container\" data-e-type=\"container\" data-settings=\"{&quot;background_background&quot;:&quot;classic&quot;}\" href=\"https:\/\/paudelacalle.com\/es\/amor-contra-el-olvido\/\">\n\t\t\t\t<\/a>\n\t\t\t\t<div class=\"elementor-element elementor-element-7a874f3 elementor-widget elementor-widget-heading\" data-id=\"7a874f3\" data-element_type=\"widget\" data-e-type=\"widget\" data-widget_type=\"heading.default\">\n\t\t\t\t<div class=\"elementor-widget-container\">\n\t\t\t\t\t<h2 class=\"elementor-heading-title elementor-size-default\"><a href=\"https:\/\/paudelacalle.com\/es\/amor-contra-el-olvido\/\">AMOR CONTRA EL OLVIDO<\/a><\/h2>\t\t\t\t<\/div>\n\t\t\t\t<\/div>\n\t\t\t\t<\/div>\n\t\t<div class=\"elementor-element elementor-element-a82e9ff e-con-full e-flex e-con e-child\" data-id=\"a82e9ff\" data-element_type=\"container\" data-e-type=\"container\">\n\t\t<a class=\"elementor-element elementor-element-5ec9ed1 e-con-full e-flex e-con e-child\" data-id=\"5ec9ed1\" data-element_type=\"container\" data-e-type=\"container\" data-settings=\"{&quot;background_background&quot;:&quot;classic&quot;}\" href=\"https:\/\/paudelacalle.com\/es\/escritores-de-trenes\/\">\n\t\t\t\t<\/a>\n\t\t\t\t<div class=\"elementor-element elementor-element-54fd4f4 elementor-widget elementor-widget-heading\" data-id=\"54fd4f4\" data-element_type=\"widget\" data-e-type=\"widget\" data-widget_type=\"heading.default\">\n\t\t\t\t<div class=\"elementor-widget-container\">\n\t\t\t\t\t<h2 class=\"elementor-heading-title elementor-size-default\"><a href=\"https:\/\/paudelacalle.com\/es\/escritores-de-trenes\/\">ESCRITORES DE TRENES<\/a><\/h2>\t\t\t\t<\/div>\n\t\t\t\t<\/div>\n\t\t\t\t<\/div>\n\t\t<div class=\"elementor-element elementor-element-14dc083 e-con-full e-flex e-con e-child\" data-id=\"14dc083\" data-element_type=\"container\" data-e-type=\"container\">\n\t\t<a class=\"elementor-element elementor-element-2cb594d e-con-full e-flex e-con e-child\" data-id=\"2cb594d\" data-element_type=\"container\" data-e-type=\"container\" data-settings=\"{&quot;background_background&quot;:&quot;classic&quot;}\" href=\"https:\/\/paudelacalle.com\/es\/mas-alla-de-la-tormenta\/\">\n\t\t\t\t<\/a>\n\t\t\t\t<div class=\"elementor-element elementor-element-1747585 elementor-widget elementor-widget-heading\" data-id=\"1747585\" data-element_type=\"widget\" data-e-type=\"widget\" data-widget_type=\"heading.default\">\n\t\t\t\t<div class=\"elementor-widget-container\">\n\t\t\t\t\t<h2 class=\"elementor-heading-title elementor-size-default\"><a href=\"https:\/\/paudelacalle.com\/es\/mas-alla-de-la-tormenta\/\">M\u00c1S ALL\u00c1 DE LA TORMENTA<\/a><\/h2>\t\t\t\t<\/div>\n\t\t\t\t<\/div>\n\t\t\t\t<\/div>\n\t\t\t\t<\/div>\n\t\t\t\t<\/div>\n\t\t","protected":false},"excerpt":{"rendered":"<p>PROYECTOS Editorial AMOR CONTRA EL OLVIDO ESCRITORES DE TRENES M\u00c1S ALL\u00c1 DE LA TORMENTA AMOR CONTRA EL OLVIDO ESCRITORES DE TRENES M\u00c1S ALL\u00c1 DE LA TORMENTA AMOR CONTRA EL OLVIDO ESCRITORES DE TRENES M\u00c1S ALL\u00c1 DE LA TORMENTA<\/p>\n","protected":false},"author":3,"featured_media":0,"parent":0,"menu_order":0,"comment_status":"closed","ping_status":"closed","template":"elementor_header_footer","meta":{"footnotes":""},"class_list":["post-1596","page","type-page","status-publish","hentry"],"yoast_head":"<!-- This site is optimized with the Yoast SEO plugin v27.0 - https:\/\/yoast.com\/product\/yoast-seo-wordpress\/ -->\n<title>Proyectos - Pau de la calle<\/title>\n<meta name=\"robots\" content=\"index, follow, max-snippet:-1, max-image-preview:large, max-video-preview:-1\" \/>\n<link rel=\"canonical\" href=\"https:\/\/paudelacalle.com\/projectes\/\" \/>\n<meta property=\"og:locale\" content=\"es_ES\" \/>\n<meta property=\"og:type\" content=\"article\" \/>\n<meta property=\"og:title\" content=\"Proyectos - Pau de la calle\" \/>\n<meta property=\"og:description\" content=\"PROYECTOS Editorial AMOR CONTRA EL OLVIDO ESCRITORES DE TRENES M\u00c1S ALL\u00c1 DE LA TORMENTA AMOR CONTRA EL OLVIDO ESCRITORES DE TRENES M\u00c1S ALL\u00c1 DE LA TORMENTA AMOR CONTRA EL OLVIDO ESCRITORES DE TRENES M\u00c1S ALL\u00c1 DE LA TORMENTA\" \/>\n<meta property=\"og:url\" content=\"https:\/\/paudelacalle.com\/projectes\/\" \/>\n<meta property=\"og:site_name\" content=\"Pau de la calle\" \/>\n<meta property=\"article:modified_time\" content=\"2025-06-19T14:21:07+00:00\" \/>\n<meta property=\"og:image\" content=\"https:\/\/paudelacalle.com\/wp-content\/uploads\/elementor\/thumbs\/AmorContralElOlvido-6-r0ro1qdltgg8ll51u5clkiw6fd79mp3d088523fgp6.jpg\" \/>\n<meta name=\"twitter:card\" content=\"summary_large_image\" \/>\n<meta name=\"twitter:label1\" content=\"Tiempo de lectura\" \/>\n\t<meta name=\"twitter:data1\" content=\"1 minuto\" \/>\n<script type=\"application\/ld+json\" class=\"yoast-schema-graph\">{\"@context\":\"https:\/\/schema.org\",\"@graph\":[{\"@type\":\"WebPage\",\"@id\":\"https:\/\/paudelacalle.com\/projectes\/\",\"url\":\"https:\/\/paudelacalle.com\/projectes\/\",\"name\":\"Proyectos - Pau de la calle\",\"isPartOf\":{\"@id\":\"https:\/\/paudelacalle.com\/#website\"},\"primaryImageOfPage\":{\"@id\":\"https:\/\/paudelacalle.com\/projectes\/#primaryimage\"},\"image\":{\"@id\":\"https:\/\/paudelacalle.com\/projectes\/#primaryimage\"},\"thumbnailUrl\":\"https:\/\/paudelacalle.com\/wp-content\/uploads\/elementor\/thumbs\/AmorContralElOlvido-6-r0ro1qdltgg8ll51u5clkiw6fd79mp3d088523fgp6.jpg\",\"datePublished\":\"2025-01-14T08:37:12+00:00\",\"dateModified\":\"2025-06-19T14:21:07+00:00\",\"breadcrumb\":{\"@id\":\"https:\/\/paudelacalle.com\/projectes\/#breadcrumb\"},\"inLanguage\":\"es\",\"potentialAction\":[{\"@type\":\"ReadAction\",\"target\":[\"https:\/\/paudelacalle.com\/projectes\/\"]}]},{\"@type\":\"ImageObject\",\"inLanguage\":\"es\",\"@id\":\"https:\/\/paudelacalle.com\/projectes\/#primaryimage\",\"url\":\"https:\/\/paudelacalle.com\/wp-content\/uploads\/elementor\/thumbs\/AmorContralElOlvido-6-r0ro1qdltgg8ll51u5clkiw6fd79mp3d088523fgp6.jpg\",\"contentUrl\":\"https:\/\/paudelacalle.com\/wp-content\/uploads\/elementor\/thumbs\/AmorContralElOlvido-6-r0ro1qdltgg8ll51u5clkiw6fd79mp3d088523fgp6.jpg\"},{\"@type\":\"BreadcrumbList\",\"@id\":\"https:\/\/paudelacalle.com\/projectes\/#breadcrumb\",\"itemListElement\":[{\"@type\":\"ListItem\",\"position\":1,\"name\":\"Inici\",\"item\":\"https:\/\/paudelacalle.com\/es\/\"},{\"@type\":\"ListItem\",\"position\":2,\"name\":\"Proyectos\"}]},{\"@type\":\"WebSite\",\"@id\":\"https:\/\/paudelacalle.com\/#website\",\"url\":\"https:\/\/paudelacalle.com\/\",\"name\":\"Pau de la calle\",\"description\":\"\",\"potentialAction\":[{\"@type\":\"SearchAction\",\"target\":{\"@type\":\"EntryPoint\",\"urlTemplate\":\"https:\/\/paudelacalle.com\/?s={search_term_string}\"},\"query-input\":{\"@type\":\"PropertyValueSpecification\",\"valueRequired\":true,\"valueName\":\"search_term_string\"}}],\"inLanguage\":\"es\"}]}<\/script>\n<!-- \/ Yoast SEO plugin. -->","yoast_head_json":{"title":"Proyectos - Pau de la calle","robots":{"index":"index","follow":"follow","max-snippet":"max-snippet:-1","max-image-preview":"max-image-preview:large","max-video-preview":"max-video-preview:-1"},"canonical":"https:\/\/paudelacalle.com\/projectes\/","og_locale":"es_ES","og_type":"article","og_title":"Proyectos - Pau de la calle","og_description":"PROYECTOS Editorial AMOR CONTRA EL OLVIDO ESCRITORES DE TRENES M\u00c1S ALL\u00c1 DE LA TORMENTA AMOR CONTRA EL OLVIDO ESCRITORES DE TRENES M\u00c1S ALL\u00c1 DE LA TORMENTA AMOR CONTRA EL OLVIDO ESCRITORES DE TRENES M\u00c1S ALL\u00c1 DE LA TORMENTA","og_url":"https:\/\/paudelacalle.com\/projectes\/","og_site_name":"Pau de la calle","article_modified_time":"2025-06-19T14:21:07+00:00","og_image":[{"url":"https:\/\/paudelacalle.com\/wp-content\/uploads\/elementor\/thumbs\/AmorContralElOlvido-6-r0ro1qdltgg8ll51u5clkiw6fd79mp3d088523fgp6.jpg","type":"","width":"","height":""}],"twitter_card":"summary_large_image","twitter_misc":{"Tiempo de lectura":"1 minuto"},"schema":{"@context":"https:\/\/schema.org","@graph":[{"@type":"WebPage","@id":"https:\/\/paudelacalle.com\/projectes\/","url":"https:\/\/paudelacalle.com\/projectes\/","name":"Proyectos - Pau de la calle","isPartOf":{"@id":"https:\/\/paudelacalle.com\/#website"},"primaryImageOfPage":{"@id":"https:\/\/paudelacalle.com\/projectes\/#primaryimage"},"image":{"@id":"https:\/\/paudelacalle.com\/projectes\/#primaryimage"},"thumbnailUrl":"https:\/\/paudelacalle.com\/wp-content\/uploads\/elementor\/thumbs\/AmorContralElOlvido-6-r0ro1qdltgg8ll51u5clkiw6fd79mp3d088523fgp6.jpg","datePublished":"2025-01-14T08:37:12+00:00","dateModified":"2025-06-19T14:21:07+00:00","breadcrumb":{"@id":"https:\/\/paudelacalle.com\/projectes\/#breadcrumb"},"inLanguage":"es","potentialAction":[{"@type":"ReadAction","target":["https:\/\/paudelacalle.com\/projectes\/"]}]},{"@type":"ImageObject","inLanguage":"es","@id":"https:\/\/paudelacalle.com\/projectes\/#primaryimage","url":"https:\/\/paudelacalle.com\/wp-content\/uploads\/elementor\/thumbs\/AmorContralElOlvido-6-r0ro1qdltgg8ll51u5clkiw6fd79mp3d088523fgp6.jpg","contentUrl":"https:\/\/paudelacalle.com\/wp-content\/uploads\/elementor\/thumbs\/AmorContralElOlvido-6-r0ro1qdltgg8ll51u5clkiw6fd79mp3d088523fgp6.jpg"},{"@type":"BreadcrumbList","@id":"https:\/\/paudelacalle.com\/projectes\/#breadcrumb","itemListElement":[{"@type":"ListItem","position":1,"name":"Inici","item":"https:\/\/paudelacalle.com\/es\/"},{"@type":"ListItem","position":2,"name":"Proyectos"}]},{"@type":"WebSite","@id":"https:\/\/paudelacalle.com\/#website","url":"https:\/\/paudelacalle.com\/","name":"Pau de la calle","description":"","potentialAction":[{"@type":"SearchAction","target":{"@type":"EntryPoint","urlTemplate":"https:\/\/paudelacalle.com\/?s={search_term_string}"},"query-input":{"@type":"PropertyValueSpecification","valueRequired":true,"valueName":"search_term_string"}}],"inLanguage":"es"}]}},"_links":{"self":[{"href":"https:\/\/paudelacalle.com\/es\/wp-json\/wp\/v2\/pages\/1596","targetHints":{"allow":["GET"]}}],"collection":[{"href":"https:\/\/paudelacalle.com\/es\/wp-json\/wp\/v2\/pages"}],"about":[{"href":"https:\/\/paudelacalle.com\/es\/wp-json\/wp\/v2\/types\/page"}],"author":[{"embeddable":true,"href":"https:\/\/paudelacalle.com\/es\/wp-json\/wp\/v2\/users\/3"}],"replies":[{"embeddable":true,"href":"https:\/\/paudelacalle.com\/es\/wp-json\/wp\/v2\/comments?post=1596"}],"version-history":[{"count":43,"href":"https:\/\/paudelacalle.com\/es\/wp-json\/wp\/v2\/pages\/1596\/revisions"}],"predecessor-version":[{"id":3368,"href":"https:\/\/paudelacalle.com\/es\/wp-json\/wp\/v2\/pages\/1596\/revisions\/3368"}],"wp:attachment":[{"href":"https:\/\/paudelacalle.com\/es\/wp-json\/wp\/v2\/media?parent=1596"}],"curies":[{"name":"wp","href":"https:\/\/api.w.org\/{rel}","templated":true}]}}